{"id":21892,"date":"2020-09-01T14:41:34","date_gmt":"2020-09-01T17:41:34","guid":{"rendered":"https:\/\/www.antonioguilherme.web.br.com\/blog\/?page_id=21892"},"modified":"2021-03-09T11:30:42","modified_gmt":"2021-03-09T14:30:42","slug":"elasticidade","status":"publish","type":"page","link":"https:\/\/www.antonioguilherme.web.br.com\/blog\/elasticidade\/","title":{"rendered":"Elasticidade"},"content":{"rendered":"<p>&nbsp;<\/p>\n<hr \/>\n<p class=\"paragraph_style\"><span style=\"font-family: verdana, geneva, sans-serif;\">A elasticidade \u00e9 importante propriedade mec\u00e2nica dos materiais, que se encontra presente no cotidiano, mas possui modelagem matem\u00e1tica complexa.<\/span><\/p>\n<h2 id='objetivo'  id=\"boomdevs_1\"><span style=\"font-family: verdana, geneva, sans-serif;\">Objetivo<\/span><\/h2>\n<p><span style=\"font-family: verdana, geneva, sans-serif;\">O objeto deste trabalho consiste em analisar a elasticidade de determinados materiais.<\/span><\/p>\n<h2 id='material'  id=\"boomdevs_2\"><span style=\"font-family: verdana, geneva, sans-serif;\">Material<\/span><\/h2>\n<ul>\n<li style=\"list-style-type: none;\">\n<ul>\n<li><span style=\"font-family: verdana, geneva, sans-serif;\">El\u00e1sticos<\/span><\/li>\n<li><span style=\"font-family: verdana, geneva, sans-serif;\">Pesos<\/span><\/li>\n<li><span style=\"font-family: verdana, geneva, sans-serif;\">Balan\u00e7a<\/span><\/li>\n<li><span style=\"font-family: verdana, geneva, sans-serif;\">R\u00e9gua ou Trena<\/span><\/li>\n<li><span style=\"font-family: verdana, geneva, sans-serif;\">Barbante<\/span><\/li>\n<\/ul>\n<\/li>\n<\/ul>\n<h2 id='trabalho'  id=\"boomdevs_3\"><span style=\"font-family: verdana, geneva, sans-serif;\">Trabalho<\/span><\/h2>\n<ul>\n<li style=\"list-style-type: none;\">\n<ul>\n<li class=\"full-width\" value=\"1\">\n<p class=\"paragraph_style_1\"><span style=\"font-family: verdana, geneva, sans-serif;\">Pendure, na vertical, diversos pesos suspensos por el\u00e1stico.<\/span><\/p>\n<\/li>\n<li class=\"full-width\" value=\"2\">\n<p class=\"paragraph_style_1\"><span style=\"font-family: verdana, geneva, sans-serif;\">Me\u00e7a o comprimento, o per\u00edmetro e o di\u00e2metro do el\u00e1stico com os diversos pesos. O per\u00edmetro pode ser medido com uma linha e o di\u00e2metro deve ser medido com um paqu\u00edmetro.<\/span><\/p>\n<\/li>\n<li class=\"full-width\" value=\"3\">\n<p class=\"paragraph_style_1\"><span style=\"font-family: verdana, geneva, sans-serif;\">Fa\u00e7a um gr\u00e1fico com as medidas.<\/span><\/p>\n<\/li>\n<li class=\"full-width\" value=\"4\">\n<p class=\"paragraph_style_1\"><span style=\"font-family: verdana, geneva, sans-serif;\">Verifique se a se\u00e7\u00e3o reta do el\u00e1stico permanece circular com a varia\u00e7\u00e3o da tens\u00e3o mec\u00e2nica.<\/span><\/p>\n<\/li>\n<li class=\"full-width\" value=\"6\">\n<p class=\"paragraph_style_1\"><span style=\"font-family: verdana, geneva, sans-serif;\">Determine os m\u00f3dulos de Young e de Poisson do material.<\/span><\/p>\n<\/li>\n<li class=\"full-width\" value=\"7\">\n<p class=\"paragraph_style_1\"><span style=\"font-family: verdana, geneva, sans-serif;\">Explique os resultados.<\/span><\/p>\n<\/li>\n<li class=\"full-width\" value=\"8\">\n<p class=\"paragraph_style_1\"><span style=\"font-family: verdana, geneva, sans-serif;\">Fa\u00e7a um v\u00eddeo de toda a experi\u00eancia.<\/span><\/p>\n<\/li>\n<\/ul>\n<\/li>\n<\/ul>\n","protected":false},"excerpt":{"rendered":"<p>&nbsp; A elasticidade \u00e9 importante propriedade mec\u00e2nica dos materiais, que se encontra presente no cotidiano, mas possui modelagem matem\u00e1tica complexa. Objetivo O objeto deste trabalho consiste em analisar a elasticidade de determinados materiais. Material El\u00e1sticos Pesos Balan\u00e7a R\u00e9gua ou Trena Barbante Trabalho Pendure, na vertical, diversos pesos suspensos por el\u00e1stico. Me\u00e7a o comprimento, o per\u00edmetro [&hellip;]<\/p>\n","protected":false},"author":1,"featured_media":21894,"parent":0,"menu_order":0,"comment_status":"closed","ping_status":"closed","template":"templates\/template-full-width.php","meta":{"_crdt_document":"","_uag_custom_page_level_css":"","footnotes":""},"class_list":["post-21892","page","type-page","status-publish","has-post-thumbnail","hentry"],"uagb_featured_image_src":{"full":["https:\/\/www.antonioguilherme.web.br.com\/blog\/wp-content\/uploads\/2020\/09\/elasticida.png",1200,280,false],"thumbnail":["https:\/\/www.antonioguilherme.web.br.com\/blog\/wp-content\/uploads\/2020\/09\/elasticida-150x150.png",150,150,true],"medium":["https:\/\/www.antonioguilherme.web.br.com\/blog\/wp-content\/uploads\/2020\/09\/elasticida-300x70.png",300,70,true],"medium_large":["https:\/\/www.antonioguilherme.web.br.com\/blog\/wp-content\/uploads\/2020\/09\/elasticida-768x179.png",580,135,true],"large":["https:\/\/www.antonioguilherme.web.br.com\/blog\/wp-content\/uploads\/2020\/09\/elasticida-1024x239.png",580,135,true],"1536x1536":["https:\/\/www.antonioguilherme.web.br.com\/blog\/wp-content\/uploads\/2020\/09\/elasticida.png",1200,280,false],"2048x2048":["https:\/\/www.antonioguilherme.web.br.com\/blog\/wp-content\/uploads\/2020\/09\/elasticida.png",1200,280,false],"post-thumbnail":["https:\/\/www.antonioguilherme.web.br.com\/blog\/wp-content\/uploads\/2020\/09\/elasticida.png",1200,280,false],"twentytwenty-fullscreen":["https:\/\/www.antonioguilherme.web.br.com\/blog\/wp-content\/uploads\/2020\/09\/elasticida.png",1200,280,false]},"uagb_author_info":{"display_name":"admin","author_link":"https:\/\/www.antonioguilherme.web.br.com\/blog\/author\/admin\/"},"uagb_comment_info":0,"uagb_excerpt":"&nbsp; A elasticidade \u00e9 importante propriedade mec\u00e2nica dos materiais, que se encontra presente no cotidiano, mas possui modelagem matem\u00e1tica complexa. Objetivo O objeto deste trabalho consiste em analisar a elasticidade de determinados materiais. Material El\u00e1sticos Pesos Balan\u00e7a R\u00e9gua ou Trena Barbante Trabalho Pendure, na vertical, diversos pesos suspensos por el\u00e1stico. Me\u00e7a o comprimento, o per\u00edmetro&hellip;","_links":{"self":[{"href":"https:\/\/www.antonioguilherme.web.br.com\/blog\/wp-json\/wp\/v2\/pages\/21892","targetHints":{"allow":["GET"]}}],"collection":[{"href":"https:\/\/www.antonioguilherme.web.br.com\/blog\/wp-json\/wp\/v2\/pages"}],"about":[{"href":"https:\/\/www.antonioguilherme.web.br.com\/blog\/wp-json\/wp\/v2\/types\/page"}],"author":[{"embeddable":true,"href":"https:\/\/www.antonioguilherme.web.br.com\/blog\/wp-json\/wp\/v2\/users\/1"}],"replies":[{"embeddable":true,"href":"https:\/\/www.antonioguilherme.web.br.com\/blog\/wp-json\/wp\/v2\/comments?post=21892"}],"version-history":[{"count":5,"href":"https:\/\/www.antonioguilherme.web.br.com\/blog\/wp-json\/wp\/v2\/pages\/21892\/revisions"}],"predecessor-version":[{"id":39923,"href":"https:\/\/www.antonioguilherme.web.br.com\/blog\/wp-json\/wp\/v2\/pages\/21892\/revisions\/39923"}],"wp:featuredmedia":[{"embeddable":true,"href":"https:\/\/www.antonioguilherme.web.br.com\/blog\/wp-json\/wp\/v2\/media\/21894"}],"wp:attachment":[{"href":"https:\/\/www.antonioguilherme.web.br.com\/blog\/wp-json\/wp\/v2\/media?parent=21892"}],"curies":[{"name":"wp","href":"https:\/\/api.w.org\/{rel}","templated":true}]}}