{"id":22464,"date":"2020-10-09T14:07:58","date_gmt":"2020-10-09T17:07:58","guid":{"rendered":"https:\/\/www.antonioguilherme.web.br.com\/blog\/?page_id=22464"},"modified":"2025-08-29T09:35:27","modified_gmt":"2025-08-29T12:35:27","slug":"a-origem-dos-elementos-da-tabela-periodica","status":"publish","type":"page","link":"https:\/\/www.antonioguilherme.web.br.com\/blog\/videos\/a-origem-dos-elementos-da-tabela-periodica\/","title":{"rendered":"A Origem dos Elementos Quimicos"},"content":{"rendered":"<p><span style=\"font-family: verdana, geneva, sans-serif;\">A origem dos elementos qu\u00edmicos classificados na tabela peri\u00f3dica representa um mist\u00e9rio para muitos. Eles consistem nos elementos b\u00e1sicos de todos os materiais, e precisamos conhec\u00ea-los para dominar a arte da engenharia.<\/span><\/p>\n<p><span style=\"font-family: verdana, geneva, sans-serif;\">Ao longo do curso de Materiais El\u00e9tricos e Magn\u00e9ticos, diversos alunos fizeram as seguintes perguntas:<\/span><\/p>\n<ul>\n<li><span style=\"font-family: verdana, geneva, sans-serif;\">Como eles surgiram no universo?<\/span><\/li>\n<li><span style=\"font-family: verdana, geneva, sans-serif;\">De onde vieram?<\/span><\/li>\n<li><span style=\"font-family: verdana, geneva, sans-serif;\">Seria poss\u00edvel existirem outros elementos no universo al\u00e9m dos previstos na Tabela Peri\u00f3dica?<\/span><\/li>\n<\/ul>\n<p><span style=\"font-family: verdana, geneva, sans-serif;\">Para responder a essas e outras perguntas, sugiro que assistam o v\u00eddeo do professor Ed Murphy. Apesar de ser hom\u00f4nimo do famoso ator de com\u00e9dias norte-americanas, o professor Murphy explica de forma s\u00e9ria e clara essas e muitas outras quest\u00f5es.<\/span><\/p>\n<p><span style=\"font-family: verdana, geneva, sans-serif;\">A ci\u00eancia hoje, conforme mostra o Professor, considera as estrelas como as usinas de fabrica\u00e7\u00e3o dos \u00e1tomos e o Big-Bang, a grande explos\u00e3o que originou o universo, a f\u00e1brica de todos os pr\u00f3tons e n\u00eautrons no universo.<\/span><\/p>\n<p><span style=\"font-family: verdana, geneva, sans-serif;\">Infelizmente, este v\u00eddeo encontra-se narrado em ingl\u00eas e ainda n\u00e3o possui legendas em portugu\u00eas.<\/span><\/p>\n<p style=\"text-align: center;\"><a href=\"https:\/\/youtu.be\/ZJQjjBR6PbY?si=bzeIW7FIFegU-YNH\" target=\"_blank\" rel=\"noopener\"><span style=\"font-family: verdana, geneva, sans-serif;\">The Origin of Elements<\/span><\/a><\/p>\n<p>&nbsp;<\/p>\n","protected":false},"excerpt":{"rendered":"<p>A origem dos elementos qu\u00edmicos classificados na tabela peri\u00f3dica representa um mist\u00e9rio para muitos. Eles consistem nos elementos b\u00e1sicos de todos os materiais, e precisamos conhec\u00ea-los para dominar a arte da engenharia. Ao longo do curso de Materiais El\u00e9tricos e Magn\u00e9ticos, diversos alunos fizeram as seguintes perguntas: Como eles surgiram no universo? De onde vieram? [&hellip;]<\/p>\n","protected":false},"author":1,"featured_media":21862,"parent":8586,"menu_order":1,"comment_status":"closed","ping_status":"closed","template":"templates\/template-full-width.php","meta":{"_crdt_document":"","_uag_custom_page_level_css":"","footnotes":""},"class_list":["post-22464","page","type-page","status-publish","has-post-thumbnail","hentry"],"uagb_featured_image_src":{"full":["https:\/\/www.antonioguilherme.web.br.com\/blog\/wp-content\/uploads\/2020\/08\/video.png",1200,280,false],"thumbnail":["https:\/\/www.antonioguilherme.web.br.com\/blog\/wp-content\/uploads\/2020\/08\/video-150x150.png",150,150,true],"medium":["https:\/\/www.antonioguilherme.web.br.com\/blog\/wp-content\/uploads\/2020\/08\/video-300x70.png",300,70,true],"medium_large":["https:\/\/www.antonioguilherme.web.br.com\/blog\/wp-content\/uploads\/2020\/08\/video-768x179.png",580,135,true],"large":["https:\/\/www.antonioguilherme.web.br.com\/blog\/wp-content\/uploads\/2020\/08\/video-1024x239.png",580,135,true],"1536x1536":["https:\/\/www.antonioguilherme.web.br.com\/blog\/wp-content\/uploads\/2020\/08\/video.png",1200,280,false],"2048x2048":["https:\/\/www.antonioguilherme.web.br.com\/blog\/wp-content\/uploads\/2020\/08\/video.png",1200,280,false],"post-thumbnail":["https:\/\/www.antonioguilherme.web.br.com\/blog\/wp-content\/uploads\/2020\/08\/video.png",1200,280,false],"twentytwenty-fullscreen":["https:\/\/www.antonioguilherme.web.br.com\/blog\/wp-content\/uploads\/2020\/08\/video.png",1200,280,false]},"uagb_author_info":{"display_name":"admin","author_link":"https:\/\/www.antonioguilherme.web.br.com\/blog\/author\/admin\/"},"uagb_comment_info":0,"uagb_excerpt":"A origem dos elementos qu\u00edmicos classificados na tabela peri\u00f3dica representa um mist\u00e9rio para muitos. Eles consistem nos elementos b\u00e1sicos de todos os materiais, e precisamos conhec\u00ea-los para dominar a arte da engenharia. Ao longo do curso de Materiais El\u00e9tricos e Magn\u00e9ticos, diversos alunos fizeram as seguintes perguntas: Como eles surgiram no universo? De onde vieram?&hellip;","_links":{"self":[{"href":"https:\/\/www.antonioguilherme.web.br.com\/blog\/wp-json\/wp\/v2\/pages\/22464","targetHints":{"allow":["GET"]}}],"collection":[{"href":"https:\/\/www.antonioguilherme.web.br.com\/blog\/wp-json\/wp\/v2\/pages"}],"about":[{"href":"https:\/\/www.antonioguilherme.web.br.com\/blog\/wp-json\/wp\/v2\/types\/page"}],"author":[{"embeddable":true,"href":"https:\/\/www.antonioguilherme.web.br.com\/blog\/wp-json\/wp\/v2\/users\/1"}],"replies":[{"embeddable":true,"href":"https:\/\/www.antonioguilherme.web.br.com\/blog\/wp-json\/wp\/v2\/comments?post=22464"}],"version-history":[{"count":10,"href":"https:\/\/www.antonioguilherme.web.br.com\/blog\/wp-json\/wp\/v2\/pages\/22464\/revisions"}],"predecessor-version":[{"id":44582,"href":"https:\/\/www.antonioguilherme.web.br.com\/blog\/wp-json\/wp\/v2\/pages\/22464\/revisions\/44582"}],"up":[{"embeddable":true,"href":"https:\/\/www.antonioguilherme.web.br.com\/blog\/wp-json\/wp\/v2\/pages\/8586"}],"wp:featuredmedia":[{"embeddable":true,"href":"https:\/\/www.antonioguilherme.web.br.com\/blog\/wp-json\/wp\/v2\/media\/21862"}],"wp:attachment":[{"href":"https:\/\/www.antonioguilherme.web.br.com\/blog\/wp-json\/wp\/v2\/media?parent=22464"}],"curies":[{"name":"wp","href":"https:\/\/api.w.org\/{rel}","templated":true}]}}