{"id":23400,"date":"2021-01-03T10:50:07","date_gmt":"2021-01-03T13:50:07","guid":{"rendered":"https:\/\/www.antonioguilherme.web.br.com\/blog\/?page_id=23400"},"modified":"2021-01-04T12:34:13","modified_gmt":"2021-01-04T15:34:13","slug":"formulas-e-unidades-magneticas","status":"publish","type":"page","link":"https:\/\/www.antonioguilherme.web.br.com\/blog\/formulas-e-unidades-magneticas\/","title":{"rendered":"F\u00f3rmulas e Unidades Magn\u00e9ticas"},"content":{"rendered":"<p style=\"text-align: right;\"><em><strong><span style=\"font-family: verdana, geneva, sans-serif; font-size: 12pt;\">&#8220;Tudo tem a ver com energia &#8211; tudo.\u00a0Fisicamente, somos pequenas unidades de energia el\u00e9trica e vibramos e projetamos o pensamento eletromagn\u00e9tico.&#8221;<\/span><\/strong><\/em><\/p>\n<p style=\"text-align: right;\"><a href=\"http:\/\/&quot;Cita\u00e7\u00f5es de John Trudell.&quot; BrainyQuote.com. BrainyMedia Inc, 2021. 3 de janeiro de 2021. https:\/\/www.brainyquote.com\/quotes\/john_trudell_740299\"><span style=\"font-family: verdana, geneva, sans-serif; font-size: 14pt;\">John Trudell<\/span><\/a><\/p>\n<hr \/>\n<p><span style=\"font-family: verdana, geneva, sans-serif;\">Existem na pr\u00e1tica dois sistemas de unidades magn\u00e9ticas. O primeiro consiste no <a href=\"https:\/\/en.wikipedia.org\/wiki\/MKS_system_of_units\" target=\"_blank\" rel=\"noopener\">MKSA<\/a>, adotado pelo Sistema Internacional (SI), que se tornou padr\u00e3o mundial no com\u00e9rcio e na engenharia. <\/span><\/p>\n<p><span style=\"font-family: verdana, geneva, sans-serif;\">Contudo, cientistas ainda utilizam o sistema <a href=\"https:\/\/en.wikipedia.org\/wiki\/Centimetre%E2%80%93gram%E2%80%93second_system_of_units\" target=\"_blank\" rel=\"noopener\">CGS<\/a> e diversos livros importantes sobre materiais utilizam este sistema. Por isso, torna-se necess\u00e1rio conhecer as diferen\u00e7as entre os sistemas para compreendermos os diferentes textos.<\/span><\/p>\n<p><span style=\"font-family: verdana, geneva, sans-serif;\">O Sistema CGS se baseia nas grandezas Cent\u00edmetro, Grama e Segundo, e, por esse motivo, tornou-se o preferido na ci\u00eancia dos materiais porque utiliza unidades menores do que o sistema MKS, que utiliza o Metro, Kilo e Segundo. <\/span><\/p>\n<p><span style=\"font-family: verdana, geneva, sans-serif;\">Por\u00e9m, a convers\u00e3o de unidades magn\u00e9ticas apresenta algumas dificuldades adicionais porque as constantes eletromagn\u00e9ticas foram definidas diferentemente nos dois sistemas, ao contr\u00e1rio de outras equa\u00e7\u00f5es da F\u00edsica.<\/span><\/p>\n<p><span style=\"font-family: verdana, geneva, sans-serif;\">A Tabela 1 apresenta as unidades eletromagn\u00e9ticas nos dois sistemas e o fator de convers\u00e3o.\u00a0<\/span><\/p>\n<p><span style=\"font-family: verdana, geneva, sans-serif;\">Em alguns casos, existem dois fatores de convers\u00e3o. O sistema SI considera o primeiro fator, obtido a partir da Equa\u00e7\u00e3o 1 do sistema SI. O segundo fator de convers\u00e3o considera &#8230;.<\/span><\/p>\n<p>&nbsp;<\/p>\n<figure id=\"attachment_23423\" aria-describedby=\"caption-attachment-23423\" style=\"width: 16000px\" class=\"wp-caption aligncenter\"><a href=\"https:\/\/www.antonioguilherme.web.br.com\/blog\/wp-content\/uploads\/2021\/01\/Grandezas_magneticas1.png\"><img decoding=\"async\" class=\"size-full wp-image-23423\" src=\"https:\/\/www.antonioguilherme.web.br.com\/blog\/wp-content\/uploads\/2021\/01\/Grandezas_magneticas1.png\" alt=\"\" width=\"16000\" height=\"9000\" \/><\/a><figcaption id=\"caption-attachment-23423\" class=\"wp-caption-text\">Tabela 1. Unidades Magn\u00e9ticas. <a href=\"https:\/\/www.ieeemagnetics.org\/index.php?option=com_content&amp;view=article&amp;id=118&amp;Itemid=107\" target=\"_blank\" rel=\"noopener\">Fonte:IEEE<\/a><\/figcaption><\/figure>\n<p><span style=\"font-family: verdana, geneva, sans-serif;\">Isto significa que as equa\u00e7\u00f5es de Maxwell n\u00e3o s\u00e3o as mesmas nos dois sistemas porque definiram as constantes b\u00e1sicas de forma diferente. <span id='easy-footnote-1-23400' class='easy-footnote-margin-adjust'><\/span><span class='easy-footnote'><a href=\"https:\/\/www.antonioguilherme.web.br.com\/blog\/formulas-e-unidades-magneticas\/#easy-footnote-bottom-1-23400\" title=\" come\u00e7ou a complicar\"><sup>1<\/sup><\/a><\/span>\u00a0<\/span><\/p>\n<p><span style=\"font-family: verdana, geneva, sans-serif;\">A Equa\u00e7\u00e3o 1 apresenta as diferen\u00e7as entre os vetores Indu\u00e7\u00e3o Magn\u00e9tica nos dois sistemas. Observa-se que, no sistema CGS, B e H s\u00e3o iguais no v\u00e1cuo enquanto diferem pela constante \u03bc<sub>0<\/sub> no sistema MKS. <\/span><\/p>\n<figure id=\"attachment_23416\" aria-describedby=\"caption-attachment-23416\" style=\"width: 409px\" class=\"wp-caption aligncenter\"><a href=\"https:\/\/www.antonioguilherme.web.br.com\/blog\/wp-content\/uploads\/2021\/01\/indu_mag.png\"><img decoding=\"async\" class=\"wp-image-23416 size-full\" src=\"https:\/\/www.antonioguilherme.web.br.com\/blog\/wp-content\/uploads\/2021\/01\/indu_mag.png\" alt=\"\" width=\"409\" height=\"134\" srcset=\"https:\/\/www.antonioguilherme.web.br.com\/blog\/wp-content\/uploads\/2021\/01\/indu_mag.png 409w, https:\/\/www.antonioguilherme.web.br.com\/blog\/wp-content\/uploads\/2021\/01\/indu_mag-300x98.png 300w\" sizes=\"(max-width: 409px) 100vw, 409px\" \/><\/a><figcaption id=\"caption-attachment-23416\" class=\"wp-caption-text\">Equa\u00e7\u00e3o 1. Indu\u00e7\u00e3o Magn\u00e9tica<\/figcaption><\/figure>\n<p><span style=\"font-family: verdana, geneva, sans-serif;\">A Equa\u00e7\u00e3o 1 demonstra que a unidade do vetor Indu\u00e7\u00e3o Magn\u00e9tica &#8211; B &#8211; G (Gauss) e a unidade do vetor Campo Magn\u00e9tico &#8211; H &#8211; Oe (Oersted) s\u00e3o equivalentes quando B=H no v\u00e1cuo. Isto representa uma complica\u00e7\u00e3o porque existem duas unidades diferentes para grandezas iguais. Por outro lado, isto n\u00e3o ocorre no sistema SI.<\/span><\/p>\n<p><span style=\"font-family: verdana, geneva, sans-serif;\">No sistema SI, as unidades de H e M s\u00e3o iguais [A\/m], mas isso n\u00e3o ocorre no CGS porque existe a constante 4\u03c0. Para resolver esta quest\u00e3o, criaram a <strong>emu <\/strong>(electromagnetic unit), que equivalente a G.cm<sup>3<\/sup>\/4\u03c0. Ela n\u00e3o \u00e9 uma unidade, mas funciona como se fosse. <span id='easy-footnote-2-23400' class='easy-footnote-margin-adjust'><\/span><span class='easy-footnote'><a href=\"https:\/\/www.antonioguilherme.web.br.com\/blog\/formulas-e-unidades-magneticas\/#easy-footnote-bottom-2-23400\" title=\" mais uma complica\u00e7\u00e3o\"><sup>2<\/sup><\/a><\/span><\/span><\/p>\n<p><span style=\"font-family: verdana, geneva, sans-serif;\">Os vetores Indu\u00e7\u00e3o Magn\u00e9tica &#8211; B &#8211; e Campo Magn\u00e9tico &#8211; H &#8211; descrevem o magnetismo macrosc\u00f3pico. As correntes macrosc\u00f3picas constituem as \u00fanicas fontes geradoras do Campo Magn\u00e9tico &#8211; H. Isto significa que apenas condutores e bobinas possuem a capacidade de gerar o Campo Magn\u00e9tico. <\/span><\/p>\n<p><span style=\"font-family: verdana, geneva, sans-serif;\">Contudo, existem fontes microsc\u00f3picas de magnetismo dentro dos materiais. O movimento de part\u00edculas com carga el\u00e9trica gera Campo Magn\u00e9tico assim como o momento magn\u00e9tico gerado pelo Spin das <a href=\"https:\/\/www.antonioguilherme.web.br.com\/blog\/particulas-subatomicas\/\">Part\u00edculas Elementares<\/a>. Isto significa que todas essas part\u00edculas que constituem a mat\u00e9ria contribuem para o magnetismo microsc\u00f3pico.<\/span><\/p>\n<p><span style=\"font-family: verdana, geneva, sans-serif;\">A Equa\u00e7\u00e3o 2 define a Susceptibilidade Magn\u00e9tica \u03a7.<\/span><\/p>\n<figure id=\"attachment_23426\" aria-describedby=\"caption-attachment-23426\" style=\"width: 125px\" class=\"wp-caption aligncenter\"><a href=\"https:\/\/www.antonioguilherme.web.br.com\/blog\/wp-content\/uploads\/2021\/01\/sucesp_mag.png\"><img decoding=\"async\" class=\"wp-image-23426 size-full\" src=\"https:\/\/www.antonioguilherme.web.br.com\/blog\/wp-content\/uploads\/2021\/01\/sucesp_mag.png\" alt=\"\" width=\"125\" height=\"80\" \/><\/a><figcaption id=\"caption-attachment-23426\" class=\"wp-caption-text\">Equa\u00e7\u00e3o 2. Susceptibilidade Magn\u00e9tica<\/figcaption><\/figure>\n<p><span style=\"font-family: verdana, geneva, sans-serif;\">No Sistema Internacional, a Susceptibilidade Magn\u00e9tica \u00e9 uma grandeza adimensional. Por outro lado, no Sistema CGS surge novamente a quest\u00e3o do 4\u03c0.<\/span><\/p>\n<p><span style=\"font-family: verdana, geneva, sans-serif;\">A Susceptibilidade Magn\u00e9tica \u00e9 uma grandeza extr\u00ednseca muito utilizada na Engenharia. Contudo, a Ci\u00eancia dos Materiais prefere utilizar grandezas intr\u00ednsecas e para isso utiliza as Susceptibilidades Magn\u00e9ticas por volume ou por massa.<\/span><\/p>\n<p>&nbsp;<\/p>\n<h2 id='refer\u00eancias'  id=\"boomdevs_1\"><span style=\"font-family: verdana, geneva, sans-serif;\">Refer\u00eancias<\/span><\/h2>\n<ol>\n<li><span style=\"font-family: verdana, geneva, sans-serif;\">L\u00c9VY, L. <strong>Magnetism and Superconductivity<\/strong>. Springer. 2000.<\/span><\/li>\n<\/ol>\n<p>&nbsp;<\/p>\n","protected":false},"excerpt":{"rendered":"<p>&#8220;Tudo tem a ver com energia &#8211; tudo.\u00a0Fisicamente, somos pequenas unidades de energia el\u00e9trica e vibramos e projetamos o pensamento eletromagn\u00e9tico.&#8221; John Trudell Existem na pr\u00e1tica dois sistemas de unidades magn\u00e9ticas. O primeiro consiste no MKSA, adotado pelo Sistema Internacional (SI), que se tornou padr\u00e3o mundial no com\u00e9rcio e na engenharia. Contudo, cientistas ainda utilizam [&hellip;]<\/p>\n","protected":false},"author":1,"featured_media":0,"parent":0,"menu_order":0,"comment_status":"closed","ping_status":"closed","template":"templates\/template-full-width.php","meta":{"_crdt_document":"","_uag_custom_page_level_css":"","footnotes":""},"class_list":["post-23400","page","type-page","status-publish","hentry"],"uagb_featured_image_src":{"full":false,"thumbnail":false,"medium":false,"medium_large":false,"large":false,"1536x1536":false,"2048x2048":false,"post-thumbnail":false,"twentytwenty-fullscreen":false},"uagb_author_info":{"display_name":"admin","author_link":"https:\/\/www.antonioguilherme.web.br.com\/blog\/author\/admin\/"},"uagb_comment_info":0,"uagb_excerpt":"&#8220;Tudo tem a ver com energia &#8211; tudo.\u00a0Fisicamente, somos pequenas unidades de energia el\u00e9trica e vibramos e projetamos o pensamento eletromagn\u00e9tico.&#8221; John Trudell Existem na pr\u00e1tica dois sistemas de unidades magn\u00e9ticas. O primeiro consiste no MKSA, adotado pelo Sistema Internacional (SI), que se tornou padr\u00e3o mundial no com\u00e9rcio e na engenharia. Contudo, cientistas ainda utilizam&hellip;","_links":{"self":[{"href":"https:\/\/www.antonioguilherme.web.br.com\/blog\/wp-json\/wp\/v2\/pages\/23400","targetHints":{"allow":["GET"]}}],"collection":[{"href":"https:\/\/www.antonioguilherme.web.br.com\/blog\/wp-json\/wp\/v2\/pages"}],"about":[{"href":"https:\/\/www.antonioguilherme.web.br.com\/blog\/wp-json\/wp\/v2\/types\/page"}],"author":[{"embeddable":true,"href":"https:\/\/www.antonioguilherme.web.br.com\/blog\/wp-json\/wp\/v2\/users\/1"}],"replies":[{"embeddable":true,"href":"https:\/\/www.antonioguilherme.web.br.com\/blog\/wp-json\/wp\/v2\/comments?post=23400"}],"version-history":[{"count":17,"href":"https:\/\/www.antonioguilherme.web.br.com\/blog\/wp-json\/wp\/v2\/pages\/23400\/revisions"}],"predecessor-version":[{"id":23432,"href":"https:\/\/www.antonioguilherme.web.br.com\/blog\/wp-json\/wp\/v2\/pages\/23400\/revisions\/23432"}],"wp:attachment":[{"href":"https:\/\/www.antonioguilherme.web.br.com\/blog\/wp-json\/wp\/v2\/media?parent=23400"}],"curies":[{"name":"wp","href":"https:\/\/api.w.org\/{rel}","templated":true}]}}