{"id":5409,"date":"2016-05-14T13:10:31","date_gmt":"2016-05-14T16:10:31","guid":{"rendered":"https:\/\/www.antonioguilherme.web.br.com\/blog\/?p=5409"},"modified":"2023-04-10T13:36:06","modified_gmt":"2023-04-10T16:36:06","slug":"unidades-no-sistema-si","status":"publish","type":"page","link":"https:\/\/www.antonioguilherme.web.br.com\/blog\/unidades-no-sistema-si\/","title":{"rendered":"Unidades do Sistema Internacional"},"content":{"rendered":"<p style=\"text-align: right;\"><strong><em><span style=\"font-family: verdana, geneva, sans-serif; font-size: 14pt;\">&#8220;O cora\u00e7\u00e3o da ci\u00eancia \u00e9 a medi\u00e7\u00e3o.&#8221;<\/span><\/em><\/strong><\/p>\r\n<p style=\"text-align: right;\"><a href=\"https:\/\/www.brainyquote.com\/quotes\/erik_brynjolfsson_554738\" target=\"_blank\" rel=\"noopener\"><span style=\"font-family: verdana, geneva, sans-serif; font-size: 14pt;\">Erik Brynjolfsson<\/span><\/a><\/p>\r\n<p>&nbsp;<\/p>\r\n<hr \/>\r\n<p style=\"text-align: right;\">\u00a0<\/p>\r\n<h2 id=\"tablepress-36-name\" class=\"tablepress-table-name tablepress-table-name-id-36\">Unidades Base do Sistema SI<\/h2>\n\n<table id=\"tablepress-36\" class=\"tablepress tablepress-id-36\" aria-labelledby=\"tablepress-36-name\">\n<thead>\n<tr class=\"row-1\">\n\t<th class=\"column-1\">Grandeza<\/th><th class=\"column-2\">S\u00edmbolo da Grandeza<\/th><th class=\"column-3\">Nome da Unidade<\/th><th class=\"column-4\">S\u00edmbolo da Unidade<\/th>\n<\/tr>\n<\/thead>\n<tbody class=\"row-striping row-hover\">\n<tr class=\"row-2\">\n\t<td class=\"column-1\">comprimento<\/td><td class=\"column-2\">l, x, r, etc...<\/td><td class=\"column-3\"><a href=\"https:\/\/www.antonioguilherme.web.br.com\/blog\/unidades-no-sistema-si\/metro\/\" title=\"metro\">metro<\/a><\/td><td class=\"column-4\">m<\/td>\n<\/tr>\n<tr class=\"row-3\">\n\t<td class=\"column-1\">massa<\/td><td class=\"column-2\">m<\/td><td class=\"column-3\"><a href=\"https:\/\/www.antonioguilherme.web.br.com\/blog\/unidades-no-sistema-si\/kilograma\/\" title=\"quilograma\">quilograma<\/a><\/td><td class=\"column-4\">kg<\/td>\n<\/tr>\n<tr class=\"row-4\">\n\t<td class=\"column-1\">tempo<\/td><td class=\"column-2\">t<\/td><td class=\"column-3\"><a href=\"https:\/\/www.antonioguilherme.web.br.com\/blog\/unidades-no-sistema-si\/segundo\/\" title=\"quilograma\">Segundo<\/a><\/td><td class=\"column-4\">s<\/td>\n<\/tr>\n<tr class=\"row-5\">\n\t<td class=\"column-1\">corrente El\u00e9trica<\/td><td class=\"column-2\">I,  i<\/td><td class=\"column-3\"><a href=\"https:\/\/www.antonioguilherme.web.br.com\/blog\/unidades-no-sistema-si\/ampere\/#\" target=\"_blank\" title=\"Ampere\" rel=\"noopener\">Ampere<\/a><\/td><td class=\"column-4\">A<\/td>\n<\/tr>\n<tr class=\"row-6\">\n\t<td class=\"column-1\">temperatura<\/td><td class=\"column-2\">T<\/td><td class=\"column-3\"><a href=\"https:\/\/www.antonioguilherme.web.br.com\/blog\/unidades-no-sistema-si\/kelvin\/\" title=\"quilograma\">kelvin<\/a><\/td><td class=\"column-4\">K<\/td>\n<\/tr>\n<tr class=\"row-7\">\n\t<td class=\"column-1\">quantidade de subst\u00e2ncia<\/td><td class=\"column-2\">n<\/td><td class=\"column-3\"><a href=\"https:\/\/www.antonioguilherme.web.br.com\/blog\/mol\/\" title=\"quilograma\">mol<\/a><\/td><td class=\"column-4\">mol<\/td>\n<\/tr>\n<tr class=\"row-8\">\n\t<td class=\"column-1\">intensidade luminosa<\/td><td class=\"column-2\">Iv<\/td><td class=\"column-3\"><a href=\"https:\/\/www.antonioguilherme.web.br.com\/blog\/unidades-no-sistema-si\/candela\/\" title=\"quilograma\">Candela<\/a><\/td><td class=\"column-4\">cd<\/td>\n<\/tr>\n<\/tbody>\n<\/table>\n<!-- #tablepress-36 from cache -->\r\n<p>&nbsp;<\/p>\r\n<p>&nbsp;<\/p>\r\n<h2 id=\"tablepress-37-name\" class=\"tablepress-table-name tablepress-table-name-id-37\">Unidades Derivadas do Sistema SI<\/h2>\n\n<table id=\"tablepress-37\" class=\"tablepress tablepress-id-37\" aria-labelledby=\"tablepress-37-name\">\n<thead>\n<tr class=\"row-1\">\n\t<th class=\"column-1\">Nome da Grandeza Derivada<\/th><th class=\"column-2\">S\u00edmbolo da Grandeza Derivada<\/th><th class=\"column-3\">Unidade<\/th><th class=\"column-4\">S\u00edmbolo<\/th>\n<\/tr>\n<\/thead>\n<tbody class=\"row-striping row-hover\">\n<tr class=\"row-2\">\n\t<td class=\"column-1\">\u00c1rea<\/td><td class=\"column-2\">A<\/td><td class=\"column-3\">metro quadrado<\/td><td class=\"column-4\">m2<\/td>\n<\/tr>\n<tr class=\"row-3\">\n\t<td class=\"column-1\">Campo Magn\u00e9tico<\/td><td class=\"column-2\">H<\/td><td class=\"column-3\">ampere por metro<\/td><td class=\"column-4\">A\/m<\/td>\n<\/tr>\n<tr class=\"row-4\">\n\t<td class=\"column-1\">Lumin\u00e2ncia<\/td><td class=\"column-2\">Lv<\/td><td class=\"column-3\">candela por metro quadrado<\/td><td class=\"column-4\">cd\/m2<\/td>\n<\/tr>\n<\/tbody>\n<\/table>\n<!-- #tablepress-37 from cache -->\r\n<p>&nbsp;<\/p>\r\n<p>&nbsp;<\/p>\r\n<h2 id=\"tablepress-38-name\" class=\"tablepress-table-name tablepress-table-name-id-38\">Unidades Derivadas Especiais do Sistema SI<\/h2>\n\n<table id=\"tablepress-38\" class=\"tablepress tablepress-id-38\" aria-labelledby=\"tablepress-38-name\">\n<thead>\n<tr class=\"row-1\">\n\t<th class=\"column-1\">Grandeza<\/th><th class=\"column-2\">Nome<\/th><th class=\"column-3\">S\u00edmbolo<\/th><th class=\"column-4\">express\u00e3o<\/th>\n<\/tr>\n<\/thead>\n<tbody class=\"row-striping row-hover\">\n<tr class=\"row-2\">\n\t<td class=\"column-1\">\u00e2ngulo plano<\/td><td class=\"column-2\">radiano<\/td><td class=\"column-3\">rad<\/td><td class=\"column-4\">1<\/td>\n<\/tr>\n<tr class=\"row-3\">\n\t<td class=\"column-1\">\u00e2ngulo s\u00f3lido<\/td><td class=\"column-2\">esferorradiano<\/td><td class=\"column-3\">sr<\/td><td class=\"column-4\">1<\/td>\n<\/tr>\n<tr class=\"row-4\">\n\t<td class=\"column-1\">frequ\u00eancia<\/td><td class=\"column-2\">hertz<\/td><td class=\"column-3\">HZ<\/td><td class=\"column-4\">1\/s<\/td>\n<\/tr>\n<tr class=\"row-5\">\n\t<td class=\"column-1\">for\u00e7a<\/td><td class=\"column-2\">newton<\/td><td class=\"column-3\">N<\/td><td class=\"column-4\">kg.m\/s2<\/td>\n<\/tr>\n<tr class=\"row-6\">\n\t<td class=\"column-1\">press\u00e3o, tens\u00e3o<\/td><td class=\"column-2\">pascal<\/td><td class=\"column-3\">Pa<\/td><td class=\"column-4\">N\/m2<\/td>\n<\/tr>\n<tr class=\"row-7\">\n\t<td class=\"column-1\">energia, trabalho, quantidade de calor<\/td><td class=\"column-2\">joule<\/td><td class=\"column-3\">J<\/td><td class=\"column-4\">N m<\/td>\n<\/tr>\n<tr class=\"row-8\">\n\t<td class=\"column-1\">pot\u00eancia, fluxo radiante<\/td><td class=\"column-2\">watt<\/td><td class=\"column-3\">W<\/td><td class=\"column-4\">J\/s<\/td>\n<\/tr>\n<tr class=\"row-9\">\n\t<td class=\"column-1\">carga el\u00e9trica, quantidade de eletricidade<\/td><td class=\"column-2\">coulomb<\/td><td class=\"column-3\">C<\/td><td class=\"column-4\">A.s<\/td>\n<\/tr>\n<tr class=\"row-10\">\n\t<td class=\"column-1\">diferen\u00e7a de potencial el\u00e9trico, for\u00e7a eletromotriz<\/td><td class=\"column-2\">volt<\/td><td class=\"column-3\">V<\/td><td class=\"column-4\">W\/A<\/td>\n<\/tr>\n<tr class=\"row-11\">\n\t<td class=\"column-1\">capacit\u00e2ncia<\/td><td class=\"column-2\">farad<\/td><td class=\"column-3\">F<\/td><td class=\"column-4\">C\/V<\/td>\n<\/tr>\n<tr class=\"row-12\">\n\t<td class=\"column-1\">resist\u00eancia el\u00e9trica<\/td><td class=\"column-2\">ohm<\/td><td class=\"column-3\">\u2126<\/td><td class=\"column-4\">V\/A<\/td>\n<\/tr>\n<tr class=\"row-13\">\n\t<td class=\"column-1\">condut\u00e2ncia el\u00e9trica<\/td><td class=\"column-2\">siemens<\/td><td class=\"column-3\">S<\/td><td class=\"column-4\">A\/V<\/td>\n<\/tr>\n<tr class=\"row-14\">\n\t<td class=\"column-1\">fluxo magn\u00e9tico<\/td><td class=\"column-2\">weber<\/td><td class=\"column-3\">Wb<\/td><td class=\"column-4\">V s<\/td>\n<\/tr>\n<tr class=\"row-15\">\n\t<td class=\"column-1\">densidade de fluxo magn\u00e9tico<\/td><td class=\"column-2\">tesla<\/td><td class=\"column-3\">T<\/td><td class=\"column-4\">Wb\/m2<\/td>\n<\/tr>\n<tr class=\"row-16\">\n\t<td class=\"column-1\">indut\u00e2ncia<\/td><td class=\"column-2\">henry<\/td><td class=\"column-3\">H<\/td><td class=\"column-4\">Wb\/A<\/td>\n<\/tr>\n<tr class=\"row-17\">\n\t<td class=\"column-1\">fluxo luminoso, pot\u00eancia luminosa<\/td><td class=\"column-2\">l\u00famen<\/td><td class=\"column-3\">lm<\/td><td class=\"column-4\">cd sr<\/td>\n<\/tr>\n<tr class=\"row-18\">\n\t<td class=\"column-1\">ilumin\u00e2ncia<\/td><td class=\"column-2\">lux<\/td><td class=\"column-3\">lx<\/td><td class=\"column-4\">lm\/m2<\/td>\n<\/tr>\n<\/tbody>\n<\/table>\n<!-- #tablepress-38 from cache -->\r\n<p>&nbsp;<\/p>\r\n<p>&nbsp;<\/p>\r\n<h2 id=\"tablepress-39-name\" class=\"tablepress-table-name tablepress-table-name-id-39\">Unidades Derivadas de Unidades Derivadas<\/h2>\n\n<table id=\"tablepress-39\" class=\"tablepress tablepress-id-39\" aria-labelledby=\"tablepress-39-name\">\n<thead>\n<tr class=\"row-1\">\n\t<th class=\"column-1\">Grandeza Derivada<\/th><th class=\"column-2\">Nome<\/th><th class=\"column-3\">S\u00edmbolo<\/th>\n<\/tr>\n<\/thead>\n<tbody class=\"row-striping row-hover\">\n<tr class=\"row-2\">\n\t<td class=\"column-1\">momento<\/td><td class=\"column-2\">newton metro<\/td><td class=\"column-3\">N m<\/td>\n<\/tr>\n<tr class=\"row-3\">\n\t<td class=\"column-1\">densidade de fluxo t\u00e9rmico, irradi\u00e2ncia<\/td><td class=\"column-2\">watt por metro quadrado<\/td><td class=\"column-3\">W\/m2<\/td>\n<\/tr>\n<tr class=\"row-4\">\n\t<td class=\"column-1\">campo el\u00e9trico<\/td><td class=\"column-2\">volt por metro<\/td><td class=\"column-3\">V\/m<\/td>\n<\/tr>\n<tr class=\"row-5\">\n\t<td class=\"column-1\">intensidade radiante<\/td><td class=\"column-2\">watt por esferorradiano<\/td><td class=\"column-3\">W\/sr<\/td>\n<\/tr>\n<tr class=\"row-6\">\n\t<td class=\"column-1\">radi\u00e2ncia<\/td><td class=\"column-2\">watt por metro quadrado esferorradiano<\/td><td class=\"column-3\">W\/(m2 sr)<\/td>\n<\/tr>\n<tr class=\"row-7\">\n\t<td class=\"column-1\">radi\u00e2ncia espectral<\/td><td class=\"column-2\">watt por metro quadrado esferorradiano  por comprimento de onda<\/td><td class=\"column-3\">W\/(m2 sr m)<\/td>\n<\/tr>\n<tr class=\"row-8\">\n\t<td class=\"column-1\">Irradi\u00e2ncia espectral<\/td><td class=\"column-2\">watt por metro quadrado por metro<\/td><td class=\"column-3\">W\/(m2 m)<\/td>\n<\/tr>\n<\/tbody>\n<\/table>\n<!-- #tablepress-39 from cache -->\r\n\r\n<h3 id='refer\u00eancias'  id=\"boomdevs_1\" class=\"wp-block-heading\">Refer\u00eancias<\/h3>\r\n\r\n\r\n\r\n\r\n\r\n<ol class=\"wp-block-list\">\r\n<li><span style=\"font-family: verdana, geneva, sans-serif;\">Bureau International des Poids et Mesures, <a href=\"http:\/\/www.bipm.org\/en\/measurement-units\/\" target=\"_blank\" rel=\"noopener\">http:\/\/www.bipm.org\/en\/measurement-units\/<\/a><\/span><\/li>\r\n<li><span style=\"font-family: verdana, geneva, sans-serif;\"><a href=\"https:\/\/en.wikipedia.org\/wiki\/International_System_of_Units\" target=\"_blank\" rel=\"noopener\">https:\/\/en.wikipedia.org\/wiki\/International_System_of_Units<\/a><\/span><\/li>\r\n<li><span style=\"font-family: verdana, geneva, sans-serif;\"><a href=\"https:\/\/www.bipm.org\/utils\/en\/pdf\/CGPM\/Draft-Resolution-A-EN.pdf\" target=\"_blank\" rel=\"noopener\">https:\/\/www.bipm.org\/utils\/en\/pdf\/CGPM\/Draft-Resolution-A-EN.pdf<\/a><\/span><\/li>\r\n<\/ol>\r\n\r\n<div id=\"gtx-trans\" style=\"position: absolute; left: 341px; top: 440.715px;\">\r\n<div class=\"gtx-trans-icon\">\u00a0<\/div>\r\n<\/div>","protected":false},"excerpt":{"rendered":"<p>&#8220;O cora\u00e7\u00e3o da ci\u00eancia \u00e9 a medi\u00e7\u00e3o.&#8221; Erik Brynjolfsson &nbsp; \u00a0 &nbsp; &nbsp; &nbsp; &nbsp; &nbsp; &nbsp; Refer\u00eancias Bureau International des Poids et Mesures, http:\/\/www.bipm.org\/en\/measurement-units\/ https:\/\/en.wikipedia.org\/wiki\/International_System_of_Units https:\/\/www.bipm.org\/utils\/en\/pdf\/CGPM\/Draft-Resolution-A-EN.pdf \u00a0<\/p>\n","protected":false},"author":1,"featured_media":42987,"parent":0,"menu_order":0,"comment_status":"closed","ping_status":"open","template":"templates\/template-full-width.php","meta":{"_crdt_document":"","_uag_custom_page_level_css":"","footnotes":""},"class_list":["post-5409","page","type-page","status-publish","has-post-thumbnail","hentry"],"uagb_featured_image_src":{"full":["https:\/\/www.antonioguilherme.web.br.com\/blog\/wp-content\/uploads\/2022\/07\/unidades.jpg",1200,280,false],"thumbnail":["https:\/\/www.antonioguilherme.web.br.com\/blog\/wp-content\/uploads\/2022\/07\/unidades-150x150.jpg",150,150,true],"medium":["https:\/\/www.antonioguilherme.web.br.com\/blog\/wp-content\/uploads\/2022\/07\/unidades-300x70.jpg",300,70,true],"medium_large":["https:\/\/www.antonioguilherme.web.br.com\/blog\/wp-content\/uploads\/2022\/07\/unidades-768x179.jpg",580,135,true],"large":["https:\/\/www.antonioguilherme.web.br.com\/blog\/wp-content\/uploads\/2022\/07\/unidades-1024x239.jpg",580,135,true],"1536x1536":["https:\/\/www.antonioguilherme.web.br.com\/blog\/wp-content\/uploads\/2022\/07\/unidades.jpg",1200,280,false],"2048x2048":["https:\/\/www.antonioguilherme.web.br.com\/blog\/wp-content\/uploads\/2022\/07\/unidades.jpg",1200,280,false],"post-thumbnail":["https:\/\/www.antonioguilherme.web.br.com\/blog\/wp-content\/uploads\/2022\/07\/unidades.jpg",1200,280,false],"twentytwenty-fullscreen":["https:\/\/www.antonioguilherme.web.br.com\/blog\/wp-content\/uploads\/2022\/07\/unidades.jpg",1200,280,false]},"uagb_author_info":{"display_name":"admin","author_link":"https:\/\/www.antonioguilherme.web.br.com\/blog\/author\/admin\/"},"uagb_comment_info":0,"uagb_excerpt":"&#8220;O cora\u00e7\u00e3o da ci\u00eancia \u00e9 a medi\u00e7\u00e3o.&#8221; Erik Brynjolfsson &nbsp; \u00a0 &nbsp; &nbsp; &nbsp; &nbsp; &nbsp; &nbsp; Refer\u00eancias Bureau International des Poids et Mesures, http:\/\/www.bipm.org\/en\/measurement-units\/ https:\/\/en.wikipedia.org\/wiki\/International_System_of_Units https:\/\/www.bipm.org\/utils\/en\/pdf\/CGPM\/Draft-Resolution-A-EN.pdf \u00a0","_links":{"self":[{"href":"https:\/\/www.antonioguilherme.web.br.com\/blog\/wp-json\/wp\/v2\/pages\/5409","targetHints":{"allow":["GET"]}}],"collection":[{"href":"https:\/\/www.antonioguilherme.web.br.com\/blog\/wp-json\/wp\/v2\/pages"}],"about":[{"href":"https:\/\/www.antonioguilherme.web.br.com\/blog\/wp-json\/wp\/v2\/types\/page"}],"author":[{"embeddable":true,"href":"https:\/\/www.antonioguilherme.web.br.com\/blog\/wp-json\/wp\/v2\/users\/1"}],"replies":[{"embeddable":true,"href":"https:\/\/www.antonioguilherme.web.br.com\/blog\/wp-json\/wp\/v2\/comments?post=5409"}],"version-history":[{"count":28,"href":"https:\/\/www.antonioguilherme.web.br.com\/blog\/wp-json\/wp\/v2\/pages\/5409\/revisions"}],"predecessor-version":[{"id":43003,"href":"https:\/\/www.antonioguilherme.web.br.com\/blog\/wp-json\/wp\/v2\/pages\/5409\/revisions\/43003"}],"wp:featuredmedia":[{"embeddable":true,"href":"https:\/\/www.antonioguilherme.web.br.com\/blog\/wp-json\/wp\/v2\/media\/42987"}],"wp:attachment":[{"href":"https:\/\/www.antonioguilherme.web.br.com\/blog\/wp-json\/wp\/v2\/media?parent=5409"}],"curies":[{"name":"wp","href":"https:\/\/api.w.org\/{rel}","templated":true}]}}