{"id":5445,"date":"2016-05-14T18:36:24","date_gmt":"2016-05-14T21:36:24","guid":{"rendered":"https:\/\/www.antonioguilherme.web.br.com\/blog\/?page_id=5445"},"modified":"2023-03-06T10:52:11","modified_gmt":"2023-03-06T13:52:11","slug":"kilograma","status":"publish","type":"page","link":"https:\/\/www.antonioguilherme.web.br.com\/blog\/unidades-no-sistema-si\/kilograma\/","title":{"rendered":"Quilograma"},"content":{"rendered":"<hr \/>\r\n<p><span style=\"font-family: verdana, geneva, sans-serif;\">A unidade de massa &#8211; <a href=\"https:\/\/pt.wikipedia.org\/wiki\/Quilograma\" target=\"_blank\" rel=\"noopener\">Quilograma<\/a> &#8211; consiste na \u00fanica unidade base do no <a href=\"https:\/\/www.antonioguilherme.web.br.com\/blog\/unidades-no-sistema-si\/\">sistema internacional de unidades<\/a> que cont\u00e9m, por motivos hist\u00f3ricos, um prefixo (k). Por mais de um s\u00e9culo, um cilindro forjado em 1879 de platina e Iridium mantido em condi\u00e7\u00f5es ambientais controladas nos sub\u00farbios de Paris permaneceu como padr\u00e3o de massa.<\/span><\/p>\r\n<p><span style=\"font-family: verdana, geneva, sans-serif;\">Contudo, padr\u00f5es f\u00edsicos apresentam problemas pr\u00e1ticos de manuten\u00e7\u00e3o, verifica\u00e7\u00e3o, e calibra\u00e7\u00e3o dos padr\u00f5es secund\u00e1rios.<\/span><\/p>\r\n<p><span style=\"font-family: verdana, geneva, sans-serif;\"><\/span><\/p>\r\n<p class=\"wp-block-paragraph\"><span style=\"font-family: verdana, geneva, sans-serif;\">Por isso, em 20 de maio de 2019, a defini\u00e7\u00e3o da unidade massa passou a utilizar a constante de Plank (h), da seguinte maneira:<\/span><\/p>\r\n<p><span style=\"font-family: verdana, geneva, sans-serif;\">\r\n\r\n<\/span><\/p>\r\n<div class=\"wp-block-image\" style=\"text-align: center;\">\r\n<figure class=\"aligncenter size-large is-resized\"><span style=\"font-family: verdana, geneva, sans-serif;\"><img decoding=\"async\" class=\"wp-image-7585 aligncenter\" src=\"https:\/\/www.antonioguilherme.web.br.com\/blog\/wp-content\/uploads\/2016\/05\/cte_plank.png\" alt=\"\" width=\"283\" height=\"30\" srcset=\"https:\/\/www.antonioguilherme.web.br.com\/blog\/wp-content\/uploads\/2016\/05\/cte_plank.png 905w, https:\/\/www.antonioguilherme.web.br.com\/blog\/wp-content\/uploads\/2016\/05\/cte_plank-300x33.png 300w, https:\/\/www.antonioguilherme.web.br.com\/blog\/wp-content\/uploads\/2016\/05\/cte_plank-768x84.png 768w\" sizes=\"(max-width: 283px) 100vw, 283px\" \/><\/span>\r\n<figcaption><span style=\"font-family: verdana, geneva, sans-serif;\">Constante de Plank<\/span><\/figcaption>\r\n<\/figure>\r\n<\/div>\r\n<p><span style=\"font-family: verdana, geneva, sans-serif;\">\r\n\r\n<\/span><\/p>\r\n<p class=\"wp-block-paragraph\"><span style=\"font-family: verdana, geneva, sans-serif;\">A constante de Planck possui a dimens\u00e3o de energia vezes tempo, que se escreve no sistema SI da seguinte maneira.<\/span><\/p>\r\n<p><span style=\"font-family: verdana, geneva, sans-serif;\">\r\n\r\n<\/span><\/p>\r\n<div class=\"wp-block-image\" style=\"text-align: center;\">\r\n<figure class=\"aligncenter size-large is-resized\"><span style=\"font-family: verdana, geneva, sans-serif;\"><img decoding=\"async\" class=\"wp-image-7587 aligncenter\" src=\"https:\/\/www.antonioguilherme.web.br.com\/blog\/wp-content\/uploads\/2016\/05\/cte_plank2.png\" alt=\"\" width=\"197\" height=\"62\" srcset=\"https:\/\/www.antonioguilherme.web.br.com\/blog\/wp-content\/uploads\/2016\/05\/cte_plank2.png 602w, https:\/\/www.antonioguilherme.web.br.com\/blog\/wp-content\/uploads\/2016\/05\/cte_plank2-300x95.png 300w\" sizes=\"(max-width: 197px) 100vw, 197px\" \/><\/span>\r\n<figcaption><span style=\"font-family: verdana, geneva, sans-serif;\">Unidades da constante de Plank<\/span><\/figcaption>\r\n<\/figure>\r\n<\/div>\r\n<p><span style=\"font-family: verdana, geneva, sans-serif;\">\r\n\r\n<\/span><\/p>\r\n<p class=\"wp-block-paragraph\"><span style=\"font-family: verdana, geneva, sans-serif;\">Logo, a partir da express\u00e3o acima, a defini\u00e7\u00e3o da unidade de massa (kg) se tornou;<\/span><\/p>\r\n<p><span style=\"font-family: verdana, geneva, sans-serif;\">\r\n\r\n<\/span><\/p>\r\n<div class=\"wp-block-image\" style=\"text-align: center;\">\r\n<figure class=\"aligncenter size-large is-resized\"><span style=\"font-family: verdana, geneva, sans-serif;\"><img decoding=\"async\" class=\"wp-image-7589 aligncenter\" src=\"https:\/\/www.antonioguilherme.web.br.com\/blog\/wp-content\/uploads\/2016\/05\/kg_novo.png\" alt=\"\" width=\"130\" height=\"56\" srcset=\"https:\/\/www.antonioguilherme.web.br.com\/blog\/wp-content\/uploads\/2016\/05\/kg_novo.png 391w, https:\/\/www.antonioguilherme.web.br.com\/blog\/wp-content\/uploads\/2016\/05\/kg_novo-300x128.png 300w\" sizes=\"(max-width: 130px) 100vw, 130px\" \/><\/span>\r\n<figcaption><span style=\"font-family: verdana, geneva, sans-serif;\">Nova defini\u00e7\u00e3o da unidade de massa no sistema SI<\/span><\/figcaption>\r\n<\/figure>\r\n<\/div>\r\n<p><span style=\"font-family: verdana, geneva, sans-serif;\">\r\n\r\n<\/span><\/p>\r\n<p class=\"wp-block-paragraph\"><span style=\"font-family: verdana, geneva, sans-serif;\">Desta maneira, apenas grandezas f\u00edsicas passaram a definir a unidade de massa.\u00a0<\/span><\/p>\r\n\r\n<div id=\"gtx-trans\" style=\"position: absolute; left: 391px; top: 136.201px;\">\r\n<div class=\"gtx-trans-icon\">\u00a0<\/div>\r\n<\/div>","protected":false},"excerpt":{"rendered":"<p>A unidade de massa &#8211; Quilograma &#8211; consiste na \u00fanica unidade base do no sistema internacional de unidades que cont\u00e9m, por motivos hist\u00f3ricos, um prefixo (k). Por mais de um s\u00e9culo, um cilindro forjado em 1879 de platina e Iridium mantido em condi\u00e7\u00f5es ambientais controladas nos sub\u00farbios de Paris permaneceu como padr\u00e3o de massa. Contudo, [&hellip;]<\/p>\n","protected":false},"author":1,"featured_media":42987,"parent":5409,"menu_order":1,"comment_status":"closed","ping_status":"closed","template":"templates\/template-full-width.php","meta":{"_crdt_document":"","_uag_custom_page_level_css":"","footnotes":""},"class_list":["post-5445","page","type-page","status-publish","has-post-thumbnail","hentry"],"uagb_featured_image_src":{"full":["https:\/\/www.antonioguilherme.web.br.com\/blog\/wp-content\/uploads\/2022\/07\/unidades.jpg",1200,280,false],"thumbnail":["https:\/\/www.antonioguilherme.web.br.com\/blog\/wp-content\/uploads\/2022\/07\/unidades-150x150.jpg",150,150,true],"medium":["https:\/\/www.antonioguilherme.web.br.com\/blog\/wp-content\/uploads\/2022\/07\/unidades-300x70.jpg",300,70,true],"medium_large":["https:\/\/www.antonioguilherme.web.br.com\/blog\/wp-content\/uploads\/2022\/07\/unidades-768x179.jpg",580,135,true],"large":["https:\/\/www.antonioguilherme.web.br.com\/blog\/wp-content\/uploads\/2022\/07\/unidades-1024x239.jpg",580,135,true],"1536x1536":["https:\/\/www.antonioguilherme.web.br.com\/blog\/wp-content\/uploads\/2022\/07\/unidades.jpg",1200,280,false],"2048x2048":["https:\/\/www.antonioguilherme.web.br.com\/blog\/wp-content\/uploads\/2022\/07\/unidades.jpg",1200,280,false],"post-thumbnail":["https:\/\/www.antonioguilherme.web.br.com\/blog\/wp-content\/uploads\/2022\/07\/unidades.jpg",1200,280,false],"twentytwenty-fullscreen":["https:\/\/www.antonioguilherme.web.br.com\/blog\/wp-content\/uploads\/2022\/07\/unidades.jpg",1200,280,false]},"uagb_author_info":{"display_name":"admin","author_link":"https:\/\/www.antonioguilherme.web.br.com\/blog\/author\/admin\/"},"uagb_comment_info":0,"uagb_excerpt":"A unidade de massa &#8211; Quilograma &#8211; consiste na \u00fanica unidade base do no sistema internacional de unidades que cont\u00e9m, por motivos hist\u00f3ricos, um prefixo (k). Por mais de um s\u00e9culo, um cilindro forjado em 1879 de platina e Iridium mantido em condi\u00e7\u00f5es ambientais controladas nos sub\u00farbios de Paris permaneceu como padr\u00e3o de massa. Contudo,&hellip;","_links":{"self":[{"href":"https:\/\/www.antonioguilherme.web.br.com\/blog\/wp-json\/wp\/v2\/pages\/5445","targetHints":{"allow":["GET"]}}],"collection":[{"href":"https:\/\/www.antonioguilherme.web.br.com\/blog\/wp-json\/wp\/v2\/pages"}],"about":[{"href":"https:\/\/www.antonioguilherme.web.br.com\/blog\/wp-json\/wp\/v2\/types\/page"}],"author":[{"embeddable":true,"href":"https:\/\/www.antonioguilherme.web.br.com\/blog\/wp-json\/wp\/v2\/users\/1"}],"replies":[{"embeddable":true,"href":"https:\/\/www.antonioguilherme.web.br.com\/blog\/wp-json\/wp\/v2\/comments?post=5445"}],"version-history":[{"count":11,"href":"https:\/\/www.antonioguilherme.web.br.com\/blog\/wp-json\/wp\/v2\/pages\/5445\/revisions"}],"predecessor-version":[{"id":43749,"href":"https:\/\/www.antonioguilherme.web.br.com\/blog\/wp-json\/wp\/v2\/pages\/5445\/revisions\/43749"}],"up":[{"embeddable":true,"href":"https:\/\/www.antonioguilherme.web.br.com\/blog\/wp-json\/wp\/v2\/pages\/5409"}],"wp:featuredmedia":[{"embeddable":true,"href":"https:\/\/www.antonioguilherme.web.br.com\/blog\/wp-json\/wp\/v2\/media\/42987"}],"wp:attachment":[{"href":"https:\/\/www.antonioguilherme.web.br.com\/blog\/wp-json\/wp\/v2\/media?parent=5445"}],"curies":[{"name":"wp","href":"https:\/\/api.w.org\/{rel}","templated":true}]}}