{"id":5456,"date":"2016-05-14T18:44:52","date_gmt":"2016-05-14T21:44:52","guid":{"rendered":"https:\/\/www.antonioguilherme.web.br.com\/blog\/?page_id=5456"},"modified":"2023-03-06T11:05:34","modified_gmt":"2023-03-06T14:05:34","slug":"segundo","status":"publish","type":"page","link":"https:\/\/www.antonioguilherme.web.br.com\/blog\/unidades-no-sistema-si\/segundo\/","title":{"rendered":"Segundo"},"content":{"rendered":"<hr \/>\n<p><span style=\"font-family: verdana, geneva, sans-serif;\">Atualmente, o <a href=\"https:\/\/www.antonioguilherme.web.br.com\/blog\/unidades-no-sistema-si\/\">Sistema Internacional de Unidades<\/a> define a unidade b\u00e1sica de tempo &#8211; <a href=\"https:\/\/pt.wikipedia.org\/wiki\/Segundo\" target=\"_blank\" rel=\"noopener\">segundo<\/a> &#8211; como a dura\u00e7\u00e3o de 9 192 631 770 per\u00edodos da radia\u00e7\u00e3o correspondente \u00e0 transi\u00e7\u00e3o entre os dois n\u00edveis hiper finos do estado fundamental do \u00e1tomo de c\u00e9sio 133, que corresponde a 9 192 631 770 ciclos por segundo.<\/span><\/p>\n","protected":false},"excerpt":{"rendered":"<p>Atualmente, o Sistema Internacional de Unidades define a unidade b\u00e1sica de tempo &#8211; segundo &#8211; como a dura\u00e7\u00e3o de 9 192 631 770 per\u00edodos da radia\u00e7\u00e3o correspondente \u00e0 transi\u00e7\u00e3o entre os dois n\u00edveis hiper finos do estado fundamental do \u00e1tomo de c\u00e9sio 133, que corresponde a 9 192 631 770 ciclos por segundo.<\/p>\n","protected":false},"author":1,"featured_media":42987,"parent":5409,"menu_order":1,"comment_status":"closed","ping_status":"closed","template":"templates\/template-full-width.php","meta":{"_crdt_document":"","_uag_custom_page_level_css":"","footnotes":""},"class_list":["post-5456","page","type-page","status-publish","has-post-thumbnail","hentry"],"uagb_featured_image_src":{"full":["https:\/\/www.antonioguilherme.web.br.com\/blog\/wp-content\/uploads\/2022\/07\/unidades.jpg",1200,280,false],"thumbnail":["https:\/\/www.antonioguilherme.web.br.com\/blog\/wp-content\/uploads\/2022\/07\/unidades-150x150.jpg",150,150,true],"medium":["https:\/\/www.antonioguilherme.web.br.com\/blog\/wp-content\/uploads\/2022\/07\/unidades-300x70.jpg",300,70,true],"medium_large":["https:\/\/www.antonioguilherme.web.br.com\/blog\/wp-content\/uploads\/2022\/07\/unidades-768x179.jpg",580,135,true],"large":["https:\/\/www.antonioguilherme.web.br.com\/blog\/wp-content\/uploads\/2022\/07\/unidades-1024x239.jpg",580,135,true],"1536x1536":["https:\/\/www.antonioguilherme.web.br.com\/blog\/wp-content\/uploads\/2022\/07\/unidades.jpg",1200,280,false],"2048x2048":["https:\/\/www.antonioguilherme.web.br.com\/blog\/wp-content\/uploads\/2022\/07\/unidades.jpg",1200,280,false],"post-thumbnail":["https:\/\/www.antonioguilherme.web.br.com\/blog\/wp-content\/uploads\/2022\/07\/unidades.jpg",1200,280,false],"twentytwenty-fullscreen":["https:\/\/www.antonioguilherme.web.br.com\/blog\/wp-content\/uploads\/2022\/07\/unidades.jpg",1200,280,false]},"uagb_author_info":{"display_name":"admin","author_link":"https:\/\/www.antonioguilherme.web.br.com\/blog\/author\/admin\/"},"uagb_comment_info":0,"uagb_excerpt":"Atualmente, o Sistema Internacional de Unidades define a unidade b\u00e1sica de tempo &#8211; segundo &#8211; como a dura\u00e7\u00e3o de 9 192 631 770 per\u00edodos da radia\u00e7\u00e3o correspondente \u00e0 transi\u00e7\u00e3o entre os dois n\u00edveis hiper finos do estado fundamental do \u00e1tomo de c\u00e9sio 133, que corresponde a 9 192 631 770 ciclos por segundo.","_links":{"self":[{"href":"https:\/\/www.antonioguilherme.web.br.com\/blog\/wp-json\/wp\/v2\/pages\/5456","targetHints":{"allow":["GET"]}}],"collection":[{"href":"https:\/\/www.antonioguilherme.web.br.com\/blog\/wp-json\/wp\/v2\/pages"}],"about":[{"href":"https:\/\/www.antonioguilherme.web.br.com\/blog\/wp-json\/wp\/v2\/types\/page"}],"author":[{"embeddable":true,"href":"https:\/\/www.antonioguilherme.web.br.com\/blog\/wp-json\/wp\/v2\/users\/1"}],"replies":[{"embeddable":true,"href":"https:\/\/www.antonioguilherme.web.br.com\/blog\/wp-json\/wp\/v2\/comments?post=5456"}],"version-history":[{"count":7,"href":"https:\/\/www.antonioguilherme.web.br.com\/blog\/wp-json\/wp\/v2\/pages\/5456\/revisions"}],"predecessor-version":[{"id":43750,"href":"https:\/\/www.antonioguilherme.web.br.com\/blog\/wp-json\/wp\/v2\/pages\/5456\/revisions\/43750"}],"up":[{"embeddable":true,"href":"https:\/\/www.antonioguilherme.web.br.com\/blog\/wp-json\/wp\/v2\/pages\/5409"}],"wp:featuredmedia":[{"embeddable":true,"href":"https:\/\/www.antonioguilherme.web.br.com\/blog\/wp-json\/wp\/v2\/media\/42987"}],"wp:attachment":[{"href":"https:\/\/www.antonioguilherme.web.br.com\/blog\/wp-json\/wp\/v2\/media?parent=5456"}],"curies":[{"name":"wp","href":"https:\/\/api.w.org\/{rel}","templated":true}]}}