{"id":5469,"date":"2016-05-14T19:00:29","date_gmt":"2016-05-14T22:00:29","guid":{"rendered":"https:\/\/www.antonioguilherme.web.br.com\/blog\/?page_id=5469"},"modified":"2023-03-06T15:30:23","modified_gmt":"2023-03-06T18:30:23","slug":"mol","status":"publish","type":"page","link":"https:\/\/www.antonioguilherme.web.br.com\/blog\/mol\/","title":{"rendered":"mol"},"content":{"rendered":"<hr \/>\n<p><span style=\"font-family: verdana, geneva, sans-serif;\">Atualmente, define-se a unidade de quantidade de subst\u00e2ncia no <a href=\"https:\/\/www.antonioguilherme.web.br.com\/blog\/unidades-no-sistema-si\/\">sistema de unidades internacional<\/a> &#8211; <a href=\"https:\/\/pt.wikipedia.org\/wiki\/Mol\" target=\"_blank\" rel=\"noopener\">mol<\/a> &#8211; como a quantidade de 6,022 140 76 x 10<sup>23<\/sup> unidades elementares da subst\u00e2ncia, denominada de constante de Avogadro.\u00a0<\/span><\/p>\n<p><span style=\"font-family: verdana, geneva, sans-serif;\">Anteriormente, considerava-se o mol como a quantidade de subst\u00e2ncia de um sistema que continha a mesma quantidade de entidades elementares quantos \u00e1tomos existem em 0,012 kg de carbono 12. <\/span><\/p>\n<p><span style=\"font-family: verdana, geneva, sans-serif;\">Com a nova defini\u00e7\u00e3o, a massa do carbono deixou de ser exata e corresponde a 0,012 kg\/mol com incerteza de 4,5 x 10<sup>-10<\/sup>. Por\u00e9m, do ponto de vista pr\u00e1tico, nada mudou porque esta incerteza se torna desprez\u00edvel para a maioria das aplica\u00e7\u00f5es de engenharia.<\/span><\/p>\n<p><span style=\"font-family: verdana, geneva, sans-serif;\">Quando se utiliza o mol, deve-se especificar as entidades elementares; \u00e1tomos, mol\u00e9culas, \u00edons, el\u00e9trons, ou outras part\u00edculas e seus agrupamentos.<\/span><\/p>\n","protected":false},"excerpt":{"rendered":"<p>Atualmente, define-se a unidade de quantidade de subst\u00e2ncia no sistema de unidades internacional &#8211; mol &#8211; como a quantidade de 6,022 140 76 x 1023 unidades elementares da subst\u00e2ncia, denominada de constante de Avogadro.\u00a0 Anteriormente, considerava-se o mol como a quantidade de subst\u00e2ncia de um sistema que continha a mesma quantidade de entidades elementares quantos [&hellip;]<\/p>\n","protected":false},"author":1,"featured_media":9461,"parent":0,"menu_order":0,"comment_status":"closed","ping_status":"closed","template":"templates\/template-full-width.php","meta":{"_crdt_document":"","_uag_custom_page_level_css":"","footnotes":""},"class_list":["post-5469","page","type-page","status-publish","has-post-thumbnail","hentry"],"uagb_featured_image_src":{"full":["https:\/\/www.antonioguilherme.web.br.com\/blog\/wp-content\/uploads\/2020\/03\/quimica_1.png",1200,280,false],"thumbnail":["https:\/\/www.antonioguilherme.web.br.com\/blog\/wp-content\/uploads\/2020\/03\/quimica_1-150x150.png",150,150,true],"medium":["https:\/\/www.antonioguilherme.web.br.com\/blog\/wp-content\/uploads\/2020\/03\/quimica_1-300x70.png",300,70,true],"medium_large":["https:\/\/www.antonioguilherme.web.br.com\/blog\/wp-content\/uploads\/2020\/03\/quimica_1-768x179.png",580,135,true],"large":["https:\/\/www.antonioguilherme.web.br.com\/blog\/wp-content\/uploads\/2020\/03\/quimica_1-1024x239.png",580,135,true],"1536x1536":["https:\/\/www.antonioguilherme.web.br.com\/blog\/wp-content\/uploads\/2020\/03\/quimica_1.png",1200,280,false],"2048x2048":["https:\/\/www.antonioguilherme.web.br.com\/blog\/wp-content\/uploads\/2020\/03\/quimica_1.png",1200,280,false],"post-thumbnail":["https:\/\/www.antonioguilherme.web.br.com\/blog\/wp-content\/uploads\/2020\/03\/quimica_1.png",1200,280,false],"twentytwenty-fullscreen":["https:\/\/www.antonioguilherme.web.br.com\/blog\/wp-content\/uploads\/2020\/03\/quimica_1.png",1200,280,false]},"uagb_author_info":{"display_name":"admin","author_link":"https:\/\/www.antonioguilherme.web.br.com\/blog\/author\/admin\/"},"uagb_comment_info":0,"uagb_excerpt":"Atualmente, define-se a unidade de quantidade de subst\u00e2ncia no sistema de unidades internacional &#8211; mol &#8211; como a quantidade de 6,022 140 76 x 1023 unidades elementares da subst\u00e2ncia, denominada de constante de Avogadro.\u00a0 Anteriormente, considerava-se o mol como a quantidade de subst\u00e2ncia de um sistema que continha a mesma quantidade de entidades elementares quantos&hellip;","_links":{"self":[{"href":"https:\/\/www.antonioguilherme.web.br.com\/blog\/wp-json\/wp\/v2\/pages\/5469","targetHints":{"allow":["GET"]}}],"collection":[{"href":"https:\/\/www.antonioguilherme.web.br.com\/blog\/wp-json\/wp\/v2\/pages"}],"about":[{"href":"https:\/\/www.antonioguilherme.web.br.com\/blog\/wp-json\/wp\/v2\/types\/page"}],"author":[{"embeddable":true,"href":"https:\/\/www.antonioguilherme.web.br.com\/blog\/wp-json\/wp\/v2\/users\/1"}],"replies":[{"embeddable":true,"href":"https:\/\/www.antonioguilherme.web.br.com\/blog\/wp-json\/wp\/v2\/comments?post=5469"}],"version-history":[{"count":8,"href":"https:\/\/www.antonioguilherme.web.br.com\/blog\/wp-json\/wp\/v2\/pages\/5469\/revisions"}],"predecessor-version":[{"id":43760,"href":"https:\/\/www.antonioguilherme.web.br.com\/blog\/wp-json\/wp\/v2\/pages\/5469\/revisions\/43760"}],"wp:featuredmedia":[{"embeddable":true,"href":"https:\/\/www.antonioguilherme.web.br.com\/blog\/wp-json\/wp\/v2\/media\/9461"}],"wp:attachment":[{"href":"https:\/\/www.antonioguilherme.web.br.com\/blog\/wp-json\/wp\/v2\/media?parent=5469"}],"curies":[{"name":"wp","href":"https:\/\/api.w.org\/{rel}","templated":true}]}}